{"id":1124,"date":"2019-03-11T11:33:10","date_gmt":"2019-03-11T09:33:10","guid":{"rendered":"http:\/\/www.calmarti.cat\/inici-2\/"},"modified":"2025-09-01T12:34:50","modified_gmt":"2025-09-01T10:34:50","slug":"inici-2","status":"publish","type":"page","link":"https:\/\/www.calmarti.cat\/es\/","title":{"rendered":"Inicio"},"content":{"rendered":"","protected":false},"excerpt":{"rendered":"","protected":false},"author":1,"featured_media":0,"parent":0,"menu_order":132,"comment_status":"closed","ping_status":"closed","template":"","meta":{"footnotes":""},"class_list":["post-1124","page","type-page","status-publish","hentry"],"yoast_head":"<!-- This site is optimized with the Yoast SEO plugin v25.9 - https:\/\/yoast.com\/wordpress\/plugins\/seo\/ -->\n<title>Allotjament de Turisme Rural | Catalunya, Guixers | CalMarti.cat<\/title>\n<meta name=\"description\" content=\"Allotjament de turisme rural a la Vall de Lord, Solson\u00e8s, amb \u00e0mplies panor\u00e0miques, i que ofereix gran varietat d&#039;activitats naturals, l\u00fadiques i pel relax.\" \/>\n<meta name=\"robots\" content=\"index, follow, max-snippet:-1, max-image-preview:large, max-video-preview:-1\" \/>\n<link rel=\"canonical\" href=\"https:\/\/www.calmarti.cat\/es\/\" \/>\n<meta property=\"og:locale\" content=\"es_ES\" \/>\n<meta property=\"og:type\" content=\"article\" \/>\n<meta property=\"og:title\" content=\"Allotjament de Turisme Rural | Catalunya, Guixers | CalMarti.cat\" \/>\n<meta property=\"og:description\" content=\"Allotjament de turisme rural a la Vall de Lord, Solson\u00e8s, amb \u00e0mplies panor\u00e0miques, i que ofereix gran varietat d&#039;activitats naturals, l\u00fadiques i pel relax.\" \/>\n<meta property=\"og:url\" content=\"https:\/\/www.calmarti.cat\/es\/\" \/>\n<meta property=\"og:site_name\" content=\"Cal Marti | Casa de Turisme Rural\" \/>\n<meta property=\"article:modified_time\" content=\"2025-09-01T10:34:50+00:00\" \/>\n<meta name=\"twitter:card\" content=\"summary_large_image\" \/>\n<script type=\"application\/ld+json\" class=\"yoast-schema-graph\">{\"@context\":\"https:\/\/schema.org\",\"@graph\":[{\"@type\":\"WebPage\",\"@id\":\"https:\/\/www.calmarti.cat\/es\/\",\"url\":\"https:\/\/www.calmarti.cat\/es\/\",\"name\":\"Allotjament de Turisme Rural | Catalunya, Guixers | CalMarti.cat\",\"isPartOf\":{\"@id\":\"https:\/\/www.calmarti.cat\/#website\"},\"datePublished\":\"2019-03-11T09:33:10+00:00\",\"dateModified\":\"2025-09-01T10:34:50+00:00\",\"description\":\"Allotjament de turisme rural a la Vall de Lord, Solson\u00e8s, amb \u00e0mplies panor\u00e0miques, i que ofereix gran varietat d'activitats naturals, l\u00fadiques i pel relax.\",\"breadcrumb\":{\"@id\":\"https:\/\/www.calmarti.cat\/es\/#breadcrumb\"},\"inLanguage\":\"es\",\"potentialAction\":[{\"@type\":\"ReadAction\",\"target\":[\"https:\/\/www.calmarti.cat\/es\/\"]}]},{\"@type\":\"BreadcrumbList\",\"@id\":\"https:\/\/www.calmarti.cat\/es\/#breadcrumb\",\"itemListElement\":[{\"@type\":\"ListItem\",\"position\":1,\"name\":\"Inici\",\"item\":\"https:\/\/www.calmarti.cat\/es\/\"},{\"@type\":\"ListItem\",\"position\":2,\"name\":\"Inicio\"}]},{\"@type\":\"WebSite\",\"@id\":\"https:\/\/www.calmarti.cat\/#website\",\"url\":\"https:\/\/www.calmarti.cat\/\",\"name\":\"Cal Marti | Casa de Turisme Rural\",\"description\":\"Cal Marti | Casa de Turisme Rural\",\"potentialAction\":[{\"@type\":\"SearchAction\",\"target\":{\"@type\":\"EntryPoint\",\"urlTemplate\":\"https:\/\/www.calmarti.cat\/?s={search_term_string}\"},\"query-input\":{\"@type\":\"PropertyValueSpecification\",\"valueRequired\":true,\"valueName\":\"search_term_string\"}}],\"inLanguage\":\"es\"}]}<\/script>\n<!-- \/ Yoast SEO plugin. -->","yoast_head_json":{"title":"Allotjament de Turisme Rural | Catalunya, Guixers | CalMarti.cat","description":"Allotjament de turisme rural a la Vall de Lord, Solson\u00e8s, amb \u00e0mplies panor\u00e0miques, i que ofereix gran varietat d'activitats naturals, l\u00fadiques i pel relax.","robots":{"index":"index","follow":"follow","max-snippet":"max-snippet:-1","max-image-preview":"max-image-preview:large","max-video-preview":"max-video-preview:-1"},"canonical":"https:\/\/www.calmarti.cat\/es\/","og_locale":"es_ES","og_type":"article","og_title":"Allotjament de Turisme Rural | Catalunya, Guixers | CalMarti.cat","og_description":"Allotjament de turisme rural a la Vall de Lord, Solson\u00e8s, amb \u00e0mplies panor\u00e0miques, i que ofereix gran varietat d'activitats naturals, l\u00fadiques i pel relax.","og_url":"https:\/\/www.calmarti.cat\/es\/","og_site_name":"Cal Marti | Casa de Turisme Rural","article_modified_time":"2025-09-01T10:34:50+00:00","twitter_card":"summary_large_image","schema":{"@context":"https:\/\/schema.org","@graph":[{"@type":"WebPage","@id":"https:\/\/www.calmarti.cat\/es\/","url":"https:\/\/www.calmarti.cat\/es\/","name":"Allotjament de Turisme Rural | Catalunya, Guixers | CalMarti.cat","isPartOf":{"@id":"https:\/\/www.calmarti.cat\/#website"},"datePublished":"2019-03-11T09:33:10+00:00","dateModified":"2025-09-01T10:34:50+00:00","description":"Allotjament de turisme rural a la Vall de Lord, Solson\u00e8s, amb \u00e0mplies panor\u00e0miques, i que ofereix gran varietat d'activitats naturals, l\u00fadiques i pel relax.","breadcrumb":{"@id":"https:\/\/www.calmarti.cat\/es\/#breadcrumb"},"inLanguage":"es","potentialAction":[{"@type":"ReadAction","target":["https:\/\/www.calmarti.cat\/es\/"]}]},{"@type":"BreadcrumbList","@id":"https:\/\/www.calmarti.cat\/es\/#breadcrumb","itemListElement":[{"@type":"ListItem","position":1,"name":"Inici","item":"https:\/\/www.calmarti.cat\/es\/"},{"@type":"ListItem","position":2,"name":"Inicio"}]},{"@type":"WebSite","@id":"https:\/\/www.calmarti.cat\/#website","url":"https:\/\/www.calmarti.cat\/","name":"Cal Marti | Casa de Turisme Rural","description":"Cal Marti | Casa de Turisme Rural","potentialAction":[{"@type":"SearchAction","target":{"@type":"EntryPoint","urlTemplate":"https:\/\/www.calmarti.cat\/?s={search_term_string}"},"query-input":{"@type":"PropertyValueSpecification","valueRequired":true,"valueName":"search_term_string"}}],"inLanguage":"es"}]}},"_links":{"self":[{"href":"https:\/\/www.calmarti.cat\/es\/wp-json\/wp\/v2\/pages\/1124","targetHints":{"allow":["GET"]}}],"collection":[{"href":"https:\/\/www.calmarti.cat\/es\/wp-json\/wp\/v2\/pages"}],"about":[{"href":"https:\/\/www.calmarti.cat\/es\/wp-json\/wp\/v2\/types\/page"}],"author":[{"embeddable":true,"href":"https:\/\/www.calmarti.cat\/es\/wp-json\/wp\/v2\/users\/1"}],"replies":[{"embeddable":true,"href":"https:\/\/www.calmarti.cat\/es\/wp-json\/wp\/v2\/comments?post=1124"}],"version-history":[{"count":10,"href":"https:\/\/www.calmarti.cat\/es\/wp-json\/wp\/v2\/pages\/1124\/revisions"}],"predecessor-version":[{"id":3174,"href":"https:\/\/www.calmarti.cat\/es\/wp-json\/wp\/v2\/pages\/1124\/revisions\/3174"}],"wp:attachment":[{"href":"https:\/\/www.calmarti.cat\/es\/wp-json\/wp\/v2\/media?parent=1124"}],"curies":[{"name":"wp","href":"https:\/\/api.w.org\/{rel}","templated":true}]}}