{"id":2885,"date":"2024-06-26T11:08:23","date_gmt":"2024-06-26T09:08:23","guid":{"rendered":"https:\/\/www.calmarti.cat\/mitings\/"},"modified":"2025-08-27T12:41:12","modified_gmt":"2025-08-27T10:41:12","slug":"mitines","status":"publish","type":"page","link":"https:\/\/www.calmarti.cat\/es\/mitines\/","title":{"rendered":"M\u00edtines"},"content":{"rendered":"","protected":false},"excerpt":{"rendered":"","protected":false},"author":1,"featured_media":0,"parent":0,"menu_order":53,"comment_status":"closed","ping_status":"closed","template":"","meta":{"footnotes":""},"class_list":["post-2885","page","type-page","status-publish","hentry"],"yoast_head":"<!-- This site is optimized with the Yoast SEO plugin v25.9 - https:\/\/yoast.com\/wordpress\/plugins\/seo\/ -->\n<title>Cal Marti | Casa de Turisme Rural - Les panor\u00e0miques de la Vall de Lord<\/title>\n<meta name=\"description\" content=\"La Casa de Turisme Rural de Cal Marti est\u00e0 situada a la Vall de Lord, a la falda del Port del Comte entre les comarques del Bergeud\u00e0, Solson\u00e8s i Alt Urgell.\" \/>\n<meta name=\"robots\" content=\"index, follow, max-snippet:-1, max-image-preview:large, max-video-preview:-1\" \/>\n<link rel=\"canonical\" href=\"https:\/\/www.calmarti.cat\/mitings\/\" \/>\n<meta property=\"og:locale\" content=\"es_ES\" \/>\n<meta property=\"og:type\" content=\"article\" \/>\n<meta property=\"og:title\" content=\"Cal Marti | Casa de Turisme Rural - Les panor\u00e0miques de la Vall de Lord\" \/>\n<meta property=\"og:description\" content=\"La Casa de Turisme Rural de Cal Marti est\u00e0 situada a la Vall de Lord, a la falda del Port del Comte entre les comarques del Bergeud\u00e0, Solson\u00e8s i Alt Urgell.\" \/>\n<meta property=\"og:url\" content=\"https:\/\/www.calmarti.cat\/mitings\/\" \/>\n<meta property=\"og:site_name\" content=\"Cal Marti | Casa de Turisme Rural\" \/>\n<meta property=\"article:modified_time\" content=\"2025-08-27T10:41:12+00:00\" \/>\n<meta name=\"twitter:card\" content=\"summary_large_image\" \/>\n<script type=\"application\/ld+json\" class=\"yoast-schema-graph\">{\"@context\":\"https:\/\/schema.org\",\"@graph\":[{\"@type\":\"WebPage\",\"@id\":\"https:\/\/www.calmarti.cat\/mitings\/\",\"url\":\"https:\/\/www.calmarti.cat\/mitings\/\",\"name\":\"Cal Marti | Casa de Turisme Rural - Les panor\u00e0miques de la Vall de Lord\",\"isPartOf\":{\"@id\":\"https:\/\/www.calmarti.cat\/#website\"},\"datePublished\":\"2024-06-26T09:08:23+00:00\",\"dateModified\":\"2025-08-27T10:41:12+00:00\",\"description\":\"La Casa de Turisme Rural de Cal Marti est\u00e0 situada a la Vall de Lord, a la falda del Port del Comte entre les comarques del Bergeud\u00e0, Solson\u00e8s i Alt Urgell.\",\"breadcrumb\":{\"@id\":\"https:\/\/www.calmarti.cat\/mitings\/#breadcrumb\"},\"inLanguage\":\"es\",\"potentialAction\":[{\"@type\":\"ReadAction\",\"target\":[\"https:\/\/www.calmarti.cat\/mitings\/\"]}]},{\"@type\":\"BreadcrumbList\",\"@id\":\"https:\/\/www.calmarti.cat\/mitings\/#breadcrumb\",\"itemListElement\":[{\"@type\":\"ListItem\",\"position\":1,\"name\":\"Inici\",\"item\":\"https:\/\/www.calmarti.cat\/es\/\"},{\"@type\":\"ListItem\",\"position\":2,\"name\":\"M\u00edtines\"}]},{\"@type\":\"WebSite\",\"@id\":\"https:\/\/www.calmarti.cat\/#website\",\"url\":\"https:\/\/www.calmarti.cat\/\",\"name\":\"Cal Marti | Casa de Turisme Rural\",\"description\":\"Cal Marti | Casa de Turisme Rural\",\"potentialAction\":[{\"@type\":\"SearchAction\",\"target\":{\"@type\":\"EntryPoint\",\"urlTemplate\":\"https:\/\/www.calmarti.cat\/?s={search_term_string}\"},\"query-input\":{\"@type\":\"PropertyValueSpecification\",\"valueRequired\":true,\"valueName\":\"search_term_string\"}}],\"inLanguage\":\"es\"}]}<\/script>\n<!-- \/ Yoast SEO plugin. -->","yoast_head_json":{"title":"Cal Marti | Casa de Turisme Rural - Les panor\u00e0miques de la Vall de Lord","description":"La Casa de Turisme Rural de Cal Marti est\u00e0 situada a la Vall de Lord, a la falda del Port del Comte entre les comarques del Bergeud\u00e0, Solson\u00e8s i Alt Urgell.","robots":{"index":"index","follow":"follow","max-snippet":"max-snippet:-1","max-image-preview":"max-image-preview:large","max-video-preview":"max-video-preview:-1"},"canonical":"https:\/\/www.calmarti.cat\/mitings\/","og_locale":"es_ES","og_type":"article","og_title":"Cal Marti | Casa de Turisme Rural - Les panor\u00e0miques de la Vall de Lord","og_description":"La Casa de Turisme Rural de Cal Marti est\u00e0 situada a la Vall de Lord, a la falda del Port del Comte entre les comarques del Bergeud\u00e0, Solson\u00e8s i Alt Urgell.","og_url":"https:\/\/www.calmarti.cat\/mitings\/","og_site_name":"Cal Marti | Casa de Turisme Rural","article_modified_time":"2025-08-27T10:41:12+00:00","twitter_card":"summary_large_image","schema":{"@context":"https:\/\/schema.org","@graph":[{"@type":"WebPage","@id":"https:\/\/www.calmarti.cat\/mitings\/","url":"https:\/\/www.calmarti.cat\/mitings\/","name":"Cal Marti | Casa de Turisme Rural - Les panor\u00e0miques de la Vall de Lord","isPartOf":{"@id":"https:\/\/www.calmarti.cat\/#website"},"datePublished":"2024-06-26T09:08:23+00:00","dateModified":"2025-08-27T10:41:12+00:00","description":"La Casa de Turisme Rural de Cal Marti est\u00e0 situada a la Vall de Lord, a la falda del Port del Comte entre les comarques del Bergeud\u00e0, Solson\u00e8s i Alt Urgell.","breadcrumb":{"@id":"https:\/\/www.calmarti.cat\/mitings\/#breadcrumb"},"inLanguage":"es","potentialAction":[{"@type":"ReadAction","target":["https:\/\/www.calmarti.cat\/mitings\/"]}]},{"@type":"BreadcrumbList","@id":"https:\/\/www.calmarti.cat\/mitings\/#breadcrumb","itemListElement":[{"@type":"ListItem","position":1,"name":"Inici","item":"https:\/\/www.calmarti.cat\/es\/"},{"@type":"ListItem","position":2,"name":"M\u00edtines"}]},{"@type":"WebSite","@id":"https:\/\/www.calmarti.cat\/#website","url":"https:\/\/www.calmarti.cat\/","name":"Cal Marti | Casa de Turisme Rural","description":"Cal Marti | Casa de Turisme Rural","potentialAction":[{"@type":"SearchAction","target":{"@type":"EntryPoint","urlTemplate":"https:\/\/www.calmarti.cat\/?s={search_term_string}"},"query-input":{"@type":"PropertyValueSpecification","valueRequired":true,"valueName":"search_term_string"}}],"inLanguage":"es"}]}},"_links":{"self":[{"href":"https:\/\/www.calmarti.cat\/es\/wp-json\/wp\/v2\/pages\/2885","targetHints":{"allow":["GET"]}}],"collection":[{"href":"https:\/\/www.calmarti.cat\/es\/wp-json\/wp\/v2\/pages"}],"about":[{"href":"https:\/\/www.calmarti.cat\/es\/wp-json\/wp\/v2\/types\/page"}],"author":[{"embeddable":true,"href":"https:\/\/www.calmarti.cat\/es\/wp-json\/wp\/v2\/users\/1"}],"replies":[{"embeddable":true,"href":"https:\/\/www.calmarti.cat\/es\/wp-json\/wp\/v2\/comments?post=2885"}],"version-history":[{"count":4,"href":"https:\/\/www.calmarti.cat\/es\/wp-json\/wp\/v2\/pages\/2885\/revisions"}],"predecessor-version":[{"id":2896,"href":"https:\/\/www.calmarti.cat\/es\/wp-json\/wp\/v2\/pages\/2885\/revisions\/2896"}],"wp:attachment":[{"href":"https:\/\/www.calmarti.cat\/es\/wp-json\/wp\/v2\/media?parent=2885"}],"curies":[{"name":"wp","href":"https:\/\/api.w.org\/{rel}","templated":true}]}}